{"id":31,"date":"2016-05-09T06:13:01","date_gmt":"2016-05-09T06:13:01","guid":{"rendered":"https:\/\/ferienwohnung-infanglalm.at\/?page_id=31"},"modified":"2021-08-24T08:20:13","modified_gmt":"2021-08-24T08:20:13","slug":"der-fischteich","status":"publish","type":"page","link":"https:\/\/www.ferienwohnung-infanglalm.at\/?page_id=31","title":{"rendered":"Ferienwohnung &#8211; APARTMENT &#8222;Traunsee&#8220;"},"content":{"rendered":"\n<p>Unsere  Ferienwohnung &#8222;Traunsee&#8220; bietet f\u00fcr bis zu 5 Personen bequem Platz und befindet sich im Erdgescho\u00df. Sie bietet eine Wohnk\u00fcche , 2 Schlafzimmer und separates Bad und WC. Hier finden Sie einen Grundriss der Wohnung und einige Impressionen.<\/p>\n\n\n\n<p><\/p>\n\n\n\n<p>ENGLISH VERSION:  Our Holiday flat &#8222;Traunsee&#8220; offers comfortable space for up to 5 guests and is located in the ground floor of the building. It offers a kitchen, 2 bedrooms and a separate bath and toilet. You can find a map and some impressions of the flat below.<\/p>\n\n\n\n<p><\/p>\n\n\n\n<p><\/p>\n\n\n\n<figure class=\"wp-block-image size-large\"><img loading=\"lazy\" decoding=\"async\" width=\"1024\" height=\"724\" src=\"https:\/\/www.ferienwohnung-infanglalm.at\/wp-content\/uploads\/2021\/08\/Ferienwohnung-Traunsee-EG-1024x724.jpg\" alt=\"\" class=\"wp-image-139\" srcset=\"https:\/\/www.ferienwohnung-infanglalm.at\/wp-content\/uploads\/2021\/08\/Ferienwohnung-Traunsee-EG-1024x724.jpg 1024w, https:\/\/www.ferienwohnung-infanglalm.at\/wp-content\/uploads\/2021\/08\/Ferienwohnung-Traunsee-EG-300x212.jpg 300w, https:\/\/www.ferienwohnung-infanglalm.at\/wp-content\/uploads\/2021\/08\/Ferienwohnung-Traunsee-EG-768x543.jpg 768w, https:\/\/www.ferienwohnung-infanglalm.at\/wp-content\/uploads\/2021\/08\/Ferienwohnung-Traunsee-EG-1536x1086.jpg 1536w, https:\/\/www.ferienwohnung-infanglalm.at\/wp-content\/uploads\/2021\/08\/Ferienwohnung-Traunsee-EG-2048x1448.jpg 2048w\" sizes=\"auto, (max-width: 1024px) 100vw, 1024px\" \/><\/figure>\n\n\n\n<figure class=\"wp-block-image size-full\"><img loading=\"lazy\" decoding=\"async\" width=\"1024\" height=\"681\" src=\"https:\/\/www.ferienwohnung-infanglalm.at\/wp-content\/uploads\/2021\/08\/Traunsee18.jpg\" alt=\"\" class=\"wp-image-215\" srcset=\"https:\/\/www.ferienwohnung-infanglalm.at\/wp-content\/uploads\/2021\/08\/Traunsee18.jpg 1024w, https:\/\/www.ferienwohnung-infanglalm.at\/wp-content\/uploads\/2021\/08\/Traunsee18-300x200.jpg 300w, https:\/\/www.ferienwohnung-infanglalm.at\/wp-content\/uploads\/2021\/08\/Traunsee18-768x511.jpg 768w\" sizes=\"auto, (max-width: 1024px) 100vw, 1024px\" \/><\/figure>\n\n\n\n<figure class=\"wp-block-image size-full\"><img loading=\"lazy\" decoding=\"async\" width=\"1024\" height=\"681\" src=\"https:\/\/www.ferienwohnung-infanglalm.at\/wp-content\/uploads\/2021\/08\/Traunsee17.jpg\" alt=\"\" class=\"wp-image-214\" srcset=\"https:\/\/www.ferienwohnung-infanglalm.at\/wp-content\/uploads\/2021\/08\/Traunsee17.jpg 1024w, https:\/\/www.ferienwohnung-infanglalm.at\/wp-content\/uploads\/2021\/08\/Traunsee17-300x200.jpg 300w, https:\/\/www.ferienwohnung-infanglalm.at\/wp-content\/uploads\/2021\/08\/Traunsee17-768x511.jpg 768w\" sizes=\"auto, (max-width: 1024px) 100vw, 1024px\" \/><\/figure>\n\n\n\n<figure class=\"wp-block-image size-full\"><img loading=\"lazy\" decoding=\"async\" width=\"1024\" height=\"680\" src=\"https:\/\/www.ferienwohnung-infanglalm.at\/wp-content\/uploads\/2021\/08\/Traunsee16.jpg\" alt=\"\" class=\"wp-image-213\" srcset=\"https:\/\/www.ferienwohnung-infanglalm.at\/wp-content\/uploads\/2021\/08\/Traunsee16.jpg 1024w, https:\/\/www.ferienwohnung-infanglalm.at\/wp-content\/uploads\/2021\/08\/Traunsee16-300x199.jpg 300w, https:\/\/www.ferienwohnung-infanglalm.at\/wp-content\/uploads\/2021\/08\/Traunsee16-768x510.jpg 768w\" sizes=\"auto, (max-width: 1024px) 100vw, 1024px\" \/><\/figure>\n\n\n\n<figure class=\"wp-block-image size-full\"><img loading=\"lazy\" decoding=\"async\" width=\"1024\" height=\"680\" src=\"https:\/\/www.ferienwohnung-infanglalm.at\/wp-content\/uploads\/2021\/08\/Traunsee15.jpg\" alt=\"\" class=\"wp-image-212\" srcset=\"https:\/\/www.ferienwohnung-infanglalm.at\/wp-content\/uploads\/2021\/08\/Traunsee15.jpg 1024w, https:\/\/www.ferienwohnung-infanglalm.at\/wp-content\/uploads\/2021\/08\/Traunsee15-300x199.jpg 300w, https:\/\/www.ferienwohnung-infanglalm.at\/wp-content\/uploads\/2021\/08\/Traunsee15-768x510.jpg 768w\" sizes=\"auto, (max-width: 1024px) 100vw, 1024px\" \/><\/figure>\n\n\n\n<figure class=\"wp-block-image size-full\"><img loading=\"lazy\" decoding=\"async\" width=\"1024\" height=\"680\" src=\"https:\/\/www.ferienwohnung-infanglalm.at\/wp-content\/uploads\/2021\/08\/Traunsee14.jpg\" alt=\"\" class=\"wp-image-211\" srcset=\"https:\/\/www.ferienwohnung-infanglalm.at\/wp-content\/uploads\/2021\/08\/Traunsee14.jpg 1024w, https:\/\/www.ferienwohnung-infanglalm.at\/wp-content\/uploads\/2021\/08\/Traunsee14-300x199.jpg 300w, https:\/\/www.ferienwohnung-infanglalm.at\/wp-content\/uploads\/2021\/08\/Traunsee14-768x510.jpg 768w\" sizes=\"auto, (max-width: 1024px) 100vw, 1024px\" \/><\/figure>\n\n\n\n<figure class=\"wp-block-image size-full\"><img loading=\"lazy\" decoding=\"async\" width=\"1024\" height=\"680\" src=\"https:\/\/www.ferienwohnung-infanglalm.at\/wp-content\/uploads\/2021\/08\/Traunsee13.jpg\" alt=\"\" class=\"wp-image-210\" srcset=\"https:\/\/www.ferienwohnung-infanglalm.at\/wp-content\/uploads\/2021\/08\/Traunsee13.jpg 1024w, https:\/\/www.ferienwohnung-infanglalm.at\/wp-content\/uploads\/2021\/08\/Traunsee13-300x199.jpg 300w, https:\/\/www.ferienwohnung-infanglalm.at\/wp-content\/uploads\/2021\/08\/Traunsee13-768x510.jpg 768w\" sizes=\"auto, (max-width: 1024px) 100vw, 1024px\" \/><\/figure>\n\n\n\n<figure class=\"wp-block-image size-full\"><img loading=\"lazy\" decoding=\"async\" width=\"1024\" height=\"681\" src=\"https:\/\/www.ferienwohnung-infanglalm.at\/wp-content\/uploads\/2021\/08\/Traunsee12.jpg\" alt=\"\" class=\"wp-image-209\" srcset=\"https:\/\/www.ferienwohnung-infanglalm.at\/wp-content\/uploads\/2021\/08\/Traunsee12.jpg 1024w, https:\/\/www.ferienwohnung-infanglalm.at\/wp-content\/uploads\/2021\/08\/Traunsee12-300x200.jpg 300w, https:\/\/www.ferienwohnung-infanglalm.at\/wp-content\/uploads\/2021\/08\/Traunsee12-768x511.jpg 768w\" sizes=\"auto, (max-width: 1024px) 100vw, 1024px\" \/><\/figure>\n\n\n\n<figure class=\"wp-block-image size-full\"><img loading=\"lazy\" decoding=\"async\" width=\"681\" height=\"1024\" src=\"https:\/\/www.ferienwohnung-infanglalm.at\/wp-content\/uploads\/2021\/08\/Traunsee11.jpg\" alt=\"\" class=\"wp-image-208\" srcset=\"https:\/\/www.ferienwohnung-infanglalm.at\/wp-content\/uploads\/2021\/08\/Traunsee11.jpg 681w, https:\/\/www.ferienwohnung-infanglalm.at\/wp-content\/uploads\/2021\/08\/Traunsee11-200x300.jpg 200w\" sizes=\"auto, (max-width: 681px) 100vw, 681px\" \/><\/figure>\n\n\n\n<figure class=\"wp-block-image size-full\"><img loading=\"lazy\" decoding=\"async\" width=\"1024\" height=\"681\" src=\"https:\/\/www.ferienwohnung-infanglalm.at\/wp-content\/uploads\/2021\/08\/Traunsee10.jpg\" alt=\"\" class=\"wp-image-207\" srcset=\"https:\/\/www.ferienwohnung-infanglalm.at\/wp-content\/uploads\/2021\/08\/Traunsee10.jpg 1024w, https:\/\/www.ferienwohnung-infanglalm.at\/wp-content\/uploads\/2021\/08\/Traunsee10-300x200.jpg 300w, https:\/\/www.ferienwohnung-infanglalm.at\/wp-content\/uploads\/2021\/08\/Traunsee10-768x511.jpg 768w\" sizes=\"auto, (max-width: 1024px) 100vw, 1024px\" \/><\/figure>\n\n\n\n<figure class=\"wp-block-image size-full\"><img loading=\"lazy\" decoding=\"async\" width=\"1024\" height=\"681\" src=\"https:\/\/www.ferienwohnung-infanglalm.at\/wp-content\/uploads\/2021\/08\/Traunsee9.jpg\" alt=\"\" class=\"wp-image-206\" srcset=\"https:\/\/www.ferienwohnung-infanglalm.at\/wp-content\/uploads\/2021\/08\/Traunsee9.jpg 1024w, https:\/\/www.ferienwohnung-infanglalm.at\/wp-content\/uploads\/2021\/08\/Traunsee9-300x200.jpg 300w, https:\/\/www.ferienwohnung-infanglalm.at\/wp-content\/uploads\/2021\/08\/Traunsee9-768x511.jpg 768w\" sizes=\"auto, (max-width: 1024px) 100vw, 1024px\" \/><\/figure>\n\n\n\n<figure class=\"wp-block-image size-full\"><img loading=\"lazy\" decoding=\"async\" width=\"1024\" height=\"681\" src=\"https:\/\/www.ferienwohnung-infanglalm.at\/wp-content\/uploads\/2021\/08\/Traunsee8.jpg\" alt=\"\" class=\"wp-image-205\" srcset=\"https:\/\/www.ferienwohnung-infanglalm.at\/wp-content\/uploads\/2021\/08\/Traunsee8.jpg 1024w, https:\/\/www.ferienwohnung-infanglalm.at\/wp-content\/uploads\/2021\/08\/Traunsee8-300x200.jpg 300w, https:\/\/www.ferienwohnung-infanglalm.at\/wp-content\/uploads\/2021\/08\/Traunsee8-768x511.jpg 768w\" sizes=\"auto, (max-width: 1024px) 100vw, 1024px\" \/><\/figure>\n\n\n\n<figure class=\"wp-block-image size-full\"><img loading=\"lazy\" decoding=\"async\" width=\"1024\" height=\"681\" src=\"https:\/\/www.ferienwohnung-infanglalm.at\/wp-content\/uploads\/2021\/08\/Traunsee7.jpg\" alt=\"\" class=\"wp-image-204\" srcset=\"https:\/\/www.ferienwohnung-infanglalm.at\/wp-content\/uploads\/2021\/08\/Traunsee7.jpg 1024w, https:\/\/www.ferienwohnung-infanglalm.at\/wp-content\/uploads\/2021\/08\/Traunsee7-300x200.jpg 300w, https:\/\/www.ferienwohnung-infanglalm.at\/wp-content\/uploads\/2021\/08\/Traunsee7-768x511.jpg 768w\" sizes=\"auto, (max-width: 1024px) 100vw, 1024px\" \/><\/figure>\n\n\n\n<figure class=\"wp-block-image size-full\"><img loading=\"lazy\" decoding=\"async\" width=\"1024\" height=\"681\" src=\"https:\/\/www.ferienwohnung-infanglalm.at\/wp-content\/uploads\/2021\/08\/Traunsee6.jpg\" alt=\"\" class=\"wp-image-203\" srcset=\"https:\/\/www.ferienwohnung-infanglalm.at\/wp-content\/uploads\/2021\/08\/Traunsee6.jpg 1024w, https:\/\/www.ferienwohnung-infanglalm.at\/wp-content\/uploads\/2021\/08\/Traunsee6-300x200.jpg 300w, https:\/\/www.ferienwohnung-infanglalm.at\/wp-content\/uploads\/2021\/08\/Traunsee6-768x511.jpg 768w\" sizes=\"auto, (max-width: 1024px) 100vw, 1024px\" \/><\/figure>\n\n\n\n<figure class=\"wp-block-image size-full\"><img loading=\"lazy\" decoding=\"async\" width=\"1024\" height=\"681\" src=\"https:\/\/www.ferienwohnung-infanglalm.at\/wp-content\/uploads\/2021\/08\/Traunsee5.jpg\" alt=\"\" class=\"wp-image-202\" srcset=\"https:\/\/www.ferienwohnung-infanglalm.at\/wp-content\/uploads\/2021\/08\/Traunsee5.jpg 1024w, https:\/\/www.ferienwohnung-infanglalm.at\/wp-content\/uploads\/2021\/08\/Traunsee5-300x200.jpg 300w, https:\/\/www.ferienwohnung-infanglalm.at\/wp-content\/uploads\/2021\/08\/Traunsee5-768x511.jpg 768w\" sizes=\"auto, (max-width: 1024px) 100vw, 1024px\" \/><\/figure>\n\n\n\n<figure class=\"wp-block-image size-full\"><img loading=\"lazy\" decoding=\"async\" width=\"1024\" height=\"681\" src=\"https:\/\/www.ferienwohnung-infanglalm.at\/wp-content\/uploads\/2021\/08\/Traunsee4.jpg\" alt=\"\" class=\"wp-image-201\" srcset=\"https:\/\/www.ferienwohnung-infanglalm.at\/wp-content\/uploads\/2021\/08\/Traunsee4.jpg 1024w, https:\/\/www.ferienwohnung-infanglalm.at\/wp-content\/uploads\/2021\/08\/Traunsee4-300x200.jpg 300w, https:\/\/www.ferienwohnung-infanglalm.at\/wp-content\/uploads\/2021\/08\/Traunsee4-768x511.jpg 768w\" sizes=\"auto, (max-width: 1024px) 100vw, 1024px\" \/><\/figure>\n\n\n\n<figure class=\"wp-block-image size-full\"><img loading=\"lazy\" decoding=\"async\" width=\"1024\" height=\"681\" src=\"https:\/\/www.ferienwohnung-infanglalm.at\/wp-content\/uploads\/2021\/08\/Traunsee3.jpg\" alt=\"\" class=\"wp-image-200\" srcset=\"https:\/\/www.ferienwohnung-infanglalm.at\/wp-content\/uploads\/2021\/08\/Traunsee3.jpg 1024w, https:\/\/www.ferienwohnung-infanglalm.at\/wp-content\/uploads\/2021\/08\/Traunsee3-300x200.jpg 300w, https:\/\/www.ferienwohnung-infanglalm.at\/wp-content\/uploads\/2021\/08\/Traunsee3-768x511.jpg 768w\" sizes=\"auto, (max-width: 1024px) 100vw, 1024px\" \/><\/figure>\n\n\n\n<figure class=\"wp-block-image size-full\"><img loading=\"lazy\" decoding=\"async\" width=\"681\" height=\"1024\" src=\"https:\/\/www.ferienwohnung-infanglalm.at\/wp-content\/uploads\/2021\/08\/Traunsee2.jpg\" alt=\"\" class=\"wp-image-199\" srcset=\"https:\/\/www.ferienwohnung-infanglalm.at\/wp-content\/uploads\/2021\/08\/Traunsee2.jpg 681w, https:\/\/www.ferienwohnung-infanglalm.at\/wp-content\/uploads\/2021\/08\/Traunsee2-200x300.jpg 200w\" sizes=\"auto, (max-width: 681px) 100vw, 681px\" \/><\/figure>\n\n\n\n<figure class=\"wp-block-image size-full\"><img loading=\"lazy\" decoding=\"async\" width=\"681\" height=\"1024\" src=\"https:\/\/www.ferienwohnung-infanglalm.at\/wp-content\/uploads\/2021\/08\/Traunsee1.jpg\" alt=\"\" class=\"wp-image-198\" srcset=\"https:\/\/www.ferienwohnung-infanglalm.at\/wp-content\/uploads\/2021\/08\/Traunsee1.jpg 681w, https:\/\/www.ferienwohnung-infanglalm.at\/wp-content\/uploads\/2021\/08\/Traunsee1-200x300.jpg 200w\" sizes=\"auto, (max-width: 681px) 100vw, 681px\" \/><\/figure>\n\n\n\n<figure class=\"wp-block-image size-full\"><img loading=\"lazy\" decoding=\"async\" width=\"1024\" height=\"680\" src=\"https:\/\/www.ferienwohnung-infanglalm.at\/wp-content\/uploads\/2021\/08\/Traunsee22.jpg\" alt=\"\" class=\"wp-image-219\" srcset=\"https:\/\/www.ferienwohnung-infanglalm.at\/wp-content\/uploads\/2021\/08\/Traunsee22.jpg 1024w, https:\/\/www.ferienwohnung-infanglalm.at\/wp-content\/uploads\/2021\/08\/Traunsee22-300x199.jpg 300w, https:\/\/www.ferienwohnung-infanglalm.at\/wp-content\/uploads\/2021\/08\/Traunsee22-768x510.jpg 768w\" sizes=\"auto, (max-width: 1024px) 100vw, 1024px\" \/><\/figure>\n\n\n\n<figure class=\"wp-block-image size-full\"><img loading=\"lazy\" decoding=\"async\" width=\"681\" height=\"1024\" src=\"https:\/\/www.ferienwohnung-infanglalm.at\/wp-content\/uploads\/2021\/08\/Traunsee21.jpg\" alt=\"\" class=\"wp-image-218\" srcset=\"https:\/\/www.ferienwohnung-infanglalm.at\/wp-content\/uploads\/2021\/08\/Traunsee21.jpg 681w, https:\/\/www.ferienwohnung-infanglalm.at\/wp-content\/uploads\/2021\/08\/Traunsee21-200x300.jpg 200w\" sizes=\"auto, (max-width: 681px) 100vw, 681px\" \/><\/figure>\n\n\n\n<figure class=\"wp-block-image size-full\"><img loading=\"lazy\" decoding=\"async\" width=\"1024\" height=\"681\" src=\"https:\/\/www.ferienwohnung-infanglalm.at\/wp-content\/uploads\/2021\/08\/Traunsee20.jpg\" alt=\"\" class=\"wp-image-217\" srcset=\"https:\/\/www.ferienwohnung-infanglalm.at\/wp-content\/uploads\/2021\/08\/Traunsee20.jpg 1024w, https:\/\/www.ferienwohnung-infanglalm.at\/wp-content\/uploads\/2021\/08\/Traunsee20-300x200.jpg 300w, https:\/\/www.ferienwohnung-infanglalm.at\/wp-content\/uploads\/2021\/08\/Traunsee20-768x511.jpg 768w\" sizes=\"auto, (max-width: 1024px) 100vw, 1024px\" \/><\/figure>\n\n\n\n<figure class=\"wp-block-image size-full\"><img loading=\"lazy\" decoding=\"async\" width=\"1024\" height=\"681\" src=\"https:\/\/www.ferienwohnung-infanglalm.at\/wp-content\/uploads\/2021\/08\/Traunsee19.jpg\" alt=\"\" class=\"wp-image-216\" srcset=\"https:\/\/www.ferienwohnung-infanglalm.at\/wp-content\/uploads\/2021\/08\/Traunsee19.jpg 1024w, https:\/\/www.ferienwohnung-infanglalm.at\/wp-content\/uploads\/2021\/08\/Traunsee19-300x200.jpg 300w, https:\/\/www.ferienwohnung-infanglalm.at\/wp-content\/uploads\/2021\/08\/Traunsee19-768x511.jpg 768w\" sizes=\"auto, (max-width: 1024px) 100vw, 1024px\" \/><\/figure>\n","protected":false},"excerpt":{"rendered":"<p>Unsere Ferienwohnung &#8222;Traunsee&#8220; bietet f\u00fcr bis zu 5 Personen bequem Platz und befindet sich im Erdgescho\u00df. Sie bietet eine Wohnk\u00fcche , 2 Schlafzimmer und separates Bad und WC. Hier finden Sie einen Grundriss der Wohnung und einige Impressionen. ENGLISH VERSION: Our Holiday flat &#8222;Traunsee&#8220; offers comfortable space for up to 5 guests and is located &hellip; <a href=\"https:\/\/www.ferienwohnung-infanglalm.at\/?page_id=31\" class=\"more-link\"><span class=\"screen-reader-text\">Ferienwohnung &#8211; APARTMENT &#8222;Traunsee&#8220;<\/span> weiterlesen <span class=\"meta-nav\">&rarr;<\/span><\/a><\/p>\n","protected":false},"author":3,"featured_media":0,"parent":0,"menu_order":0,"comment_status":"closed","ping_status":"closed","template":"","meta":{"footnotes":""},"class_list":["post-31","page","type-page","status-publish","hentry"],"_links":{"self":[{"href":"https:\/\/www.ferienwohnung-infanglalm.at\/index.php?rest_route=\/wp\/v2\/pages\/31","targetHints":{"allow":["GET"]}}],"collection":[{"href":"https:\/\/www.ferienwohnung-infanglalm.at\/index.php?rest_route=\/wp\/v2\/pages"}],"about":[{"href":"https:\/\/www.ferienwohnung-infanglalm.at\/index.php?rest_route=\/wp\/v2\/types\/page"}],"author":[{"embeddable":true,"href":"https:\/\/www.ferienwohnung-infanglalm.at\/index.php?rest_route=\/wp\/v2\/users\/3"}],"replies":[{"embeddable":true,"href":"https:\/\/www.ferienwohnung-infanglalm.at\/index.php?rest_route=%2Fwp%2Fv2%2Fcomments&post=31"}],"version-history":[{"count":17,"href":"https:\/\/www.ferienwohnung-infanglalm.at\/index.php?rest_route=\/wp\/v2\/pages\/31\/revisions"}],"predecessor-version":[{"id":231,"href":"https:\/\/www.ferienwohnung-infanglalm.at\/index.php?rest_route=\/wp\/v2\/pages\/31\/revisions\/231"}],"wp:attachment":[{"href":"https:\/\/www.ferienwohnung-infanglalm.at\/index.php?rest_route=%2Fwp%2Fv2%2Fmedia&parent=31"}],"curies":[{"name":"wp","href":"https:\/\/api.w.org\/{rel}","templated":true}]}}