{"id":170,"date":"2021-08-05T18:07:41","date_gmt":"2021-08-05T18:07:41","guid":{"rendered":"https:\/\/ferienwohnung-infanglalm.at\/?page_id=170"},"modified":"2021-08-24T12:00:34","modified_gmt":"2021-08-24T12:00:34","slug":"anreise","status":"publish","type":"page","link":"https:\/\/www.ferienwohnung-infanglalm.at\/?page_id=170","title":{"rendered":"Anreise &#8211; Where to find us \/ Kontakt contact"},"content":{"rendered":"<div id=\"wpgmza_map\" class=\"wpgmza_map\" data-settings='{\"id\":\"1\",\"map_title\":\"Infanglalm Neukirchen bei Altm\\u00fcnster\",\"map_width\":\"100\",\"map_height\":\"400\",\"map_start_lat\":\"47.86932072450364\",\"map_start_lng\":\"13.715573011596971\",\"map_start_location\":\"45.950464398418106,-109.81550500000003\",\"map_start_zoom\":\"19\",\"default_marker\":\"\",\"type\":\"1\",\"alignment\":\"4\",\"directions_enabled\":\"0\",\"styling_enabled\":\"0\",\"styling_json\":\"\",\"active\":\"0\",\"kml\":\"\",\"bicycle\":\"0\",\"traffic\":\"0\",\"dbox\":\"0\",\"dbox_width\":\"\",\"listmarkers\":\"0\",\"listmarkers_advanced\":\"0\",\"filterbycat\":\"0\",\"ugm_enabled\":\"0\",\"ugm_category_enabled\":\"0\",\"fusion\":\"\",\"map_width_type\":\"%\",\"map_height_type\":\"px\",\"mass_marker_support\":\"0\",\"ugm_access\":\"0\",\"order_markers_by\":\"0\",\"order_markers_choice\":\"0\",\"show_user_location\":\"0\",\"default_to\":\"\",\"other_settings\":{\"map_type\":1,\"sl_stroke_color\":\"\",\"sl_fill_color\":\"\",\"sl_stroke_opacity\":\"\",\"sl_fill_opacity\":\"\",\"transport_layer\":false,\"action\":\"wpgmza_save_map\",\"redirect_to\":\"\\\/wp-admin\\\/admin-post.php\",\"map_id\":\"1\",\"http_referer\":\"\\\/wp-admin\\\/admin.php?page=wp-google-maps-menu&amp;amp;override=1&amp;amp;action=edit&amp;amp;map_id=1\",\"wpgmza_id\":\"1\",\"wpgmza_start_location\":\"47.86932072450364,13.715573011596971\",\"wpgmza_start_zoom\":\"19\",\"wpgmza_theme_data\":\"\",\"store_locator_enabled\":false,\"store_locator_search_area\":\"radial\",\"wpgmza_store_locator_radius_style\":\"legacy\",\"wpgmza_store_locator_default_radius\":\"10\",\"store_locator_auto_area_max_zoom\":\"\",\"store_locator_distance\":false,\"wpgmza_store_locator_position\":false,\"store_locator_show_distance\":false,\"store_locator_category\":false,\"wpgmza_store_locator_use_their_location\":false,\"wpgmza_store_locator_bounce\":false,\"wpgmza_sl_animation\":null,\"wpgmza_store_locator_hide_before_search\":false,\"store_locator_query_string\":\"\",\"store_locator_default_address\":\"\",\"store_locator_name_search\":false,\"store_locator_name_string\":\"\",\"store_locator_not_found_message\":\"\",\"wpgmza_map_align\":\"1\",\"jump_to_nearest_marker_on_initialization\":false,\"automatically_pan_to_users_location\":false,\"override_users_location_zoom_level\":false,\"override_users_location_zoom_levels\":\"\",\"show_distance_from_location\":false,\"map_max_zoom\":\"21\",\"map_min_zoom\":\"0\",\"click_open_link\":false,\"fit_maps_bounds_to_markers\":false,\"fit_maps_bounds_to_markers_after_filtering\":false,\"hide_point_of_interest\":false,\"wpgmza_zoom_on_marker_click\":false,\"wpgmza_zoom_on_marker_click_slider\":\"\",\"close_infowindow_on_map_click\":false,\"disable_lightbox_images\":false,\"use_Raw_Jpeg_Coordinates\":false,\"polygon_labels\":false,\"disable_polygon_info_windows\":false,\"enable_marker_ratings\":false,\"only_load_markers_within_viewport\":false,\"iw_primary_color\":\"\",\"iw_accent_color\":\"\",\"iw_text_color\":\"\",\"wpgmza_listmarkers_by\":\"0\",\"wpgmza_marker_listing_position\":false,\"wpgmza_push_in_map\":false,\"wpgmza_push_in_map_placement\":null,\"wpgmza_push_in_map_width\":\"\",\"wpgmza_push_in_map_height\":\"\",\"zoom_level_on_marker_listing_override\":false,\"zoom_level_on_marker_listing_click\":\"\",\"datatable_no_result_message\":\"\",\"remove_search_box_datables\":false,\"dataTable_pagination_style\":null,\"datatable_search_string\":\"\",\"datatable_result_start\":\"\",\"datatable_result_of\":\"\",\"datatable_result_to\":\"\",\"datatable_result_total\":\"\",\"datatable_result_show\":\"\",\"datatable_result_entries\":\"\",\"wpgmza_savemap\":\"Karte speichern \\u00bb\"}}' data-map-id='1' Data-maps-engine='open-layers' data-shortcode-attributes='{\"id\":\"1\"}' style=\"display:block; overflow:auto; width:100%; height:400px; float:left;\"><\/div>\n\n\n<p>**************************************************************************<\/p>\n\n\n\n<p>Adresse:<\/p>\n\n\n\n<p>Ferienwohnung Infanglalm<\/p>\n\n\n\n<p>Kalvarienberg&nbsp; 22<br>A-4814 Neukirchen, Austria<\/p>\n\n\n\n<p>Ansprechpartner:<\/p>\n\n\n\n<p>Josef Mittendorfer Junior<\/p>\n\n\n\n<p>Telefon:    +43 664 3832986<\/p>\n\n\n\n<p>Mail: <a href=\"mailto:ferien.infangl@gmail.com\">ferien.infangl@gmail.com<\/a><\/p>\n\n\n\n<p>Mit dem Auto: Anreise aus beiden Richtungen \u00fcber A1 Westautobahn bis Ausfahrt &#8222;REGAU&#8220;, weiter \u00fcber B145 Salzkammergut Bundesstra\u00dfe in Richtung Gmunden bis Altm\u00fcnster, abzweigen auf Gro\u00dfalm Landesstra\u00dfe bis zum Ortskern von Neukirchen bei Altm\u00fcnster, abbiegen nach links auf H\u00f6he Spar Markt und B\u00e4ckerei. Danach der Beschilderung ca 50m bis zur Infanglalm folgen.<\/p>\n\n\n\n<p>N\u00e4chster Bahnhof: Altm\u00fcnster am Traunsee (Regionalbahn) ca. 5,5km<\/p>\n\n\n\n<p>N\u00e4chster Flughafen: Linz H\u00f6rsching ca. 75km<\/p>\n","protected":false},"excerpt":{"rendered":"<p>************************************************************************** Adresse: Ferienwohnung Infanglalm Kalvarienberg&nbsp; 22A-4814 Neukirchen, Austria Ansprechpartner: Josef Mittendorfer Junior Telefon: +43 664 3832986 Mail: ferien.infangl@gmail.com Mit dem Auto: Anreise aus beiden Richtungen \u00fcber A1 Westautobahn bis Ausfahrt &#8222;REGAU&#8220;, weiter \u00fcber B145 Salzkammergut Bundesstra\u00dfe in Richtung Gmunden bis Altm\u00fcnster, abzweigen auf Gro\u00dfalm Landesstra\u00dfe bis zum Ortskern von Neukirchen bei Altm\u00fcnster, abbiegen nach links &hellip; <a href=\"https:\/\/www.ferienwohnung-infanglalm.at\/?page_id=170\" class=\"more-link\"><span class=\"screen-reader-text\">Anreise &#8211; Where to find us \/ Kontakt contact<\/span> weiterlesen <span class=\"meta-nav\">&rarr;<\/span><\/a><\/p>\n","protected":false},"author":3,"featured_media":0,"parent":0,"menu_order":0,"comment_status":"closed","ping_status":"closed","template":"","meta":{"footnotes":""},"class_list":["post-170","page","type-page","status-publish","hentry"],"_links":{"self":[{"href":"https:\/\/www.ferienwohnung-infanglalm.at\/index.php?rest_route=\/wp\/v2\/pages\/170","targetHints":{"allow":["GET"]}}],"collection":[{"href":"https:\/\/www.ferienwohnung-infanglalm.at\/index.php?rest_route=\/wp\/v2\/pages"}],"about":[{"href":"https:\/\/www.ferienwohnung-infanglalm.at\/index.php?rest_route=\/wp\/v2\/types\/page"}],"author":[{"embeddable":true,"href":"https:\/\/www.ferienwohnung-infanglalm.at\/index.php?rest_route=\/wp\/v2\/users\/3"}],"replies":[{"embeddable":true,"href":"https:\/\/www.ferienwohnung-infanglalm.at\/index.php?rest_route=%2Fwp%2Fv2%2Fcomments&post=170"}],"version-history":[{"count":10,"href":"https:\/\/www.ferienwohnung-infanglalm.at\/index.php?rest_route=\/wp\/v2\/pages\/170\/revisions"}],"predecessor-version":[{"id":307,"href":"https:\/\/www.ferienwohnung-infanglalm.at\/index.php?rest_route=\/wp\/v2\/pages\/170\/revisions\/307"}],"wp:attachment":[{"href":"https:\/\/www.ferienwohnung-infanglalm.at\/index.php?rest_route=%2Fwp%2Fv2%2Fmedia&parent=170"}],"curies":[{"name":"wp","href":"https:\/\/api.w.org\/{rel}","templated":true}]}}